{"id":926,"date":"2024-01-13T11:59:15","date_gmt":"2024-01-13T11:59:15","guid":{"rendered":"https:\/\/sqemes.com\/impressum\/"},"modified":"2024-05-23T12:56:50","modified_gmt":"2024-05-23T12:56:50","slug":"impressum","status":"publish","type":"page","link":"https:\/\/sqemes.com\/de\/impressum\/","title":{"rendered":"Impressum"},"content":{"rendered":"\n<h6 class=\"wp-block-heading\"><strong>ANBIETER GEM\u00c4\u00df \u00a7 5 DES DEUTSCHEN TELEMEDIENGESETZES (TMG):\u200d<\/strong><\/h6>\n\n<p><\/p>\n\n<p>sqemes Prompt Manager<br\/>von der <strong>NeoRebels GmbH<\/strong><br\/>Dreiherrnsteinplatz 11 <br\/>D-63263 Neu-Isenburg \/ Deutschland<\/p>\n\n<p>Die GmbH wird durch ihren Gesch\u00e4ftsf\u00fchrer vertreten: Ufuk \u00d6ren<\/p>\n\n<p>Telefon: +49 155 66067795<br\/>E-Mail: <a href=\"mailto:support@sqemes.com\">support@sqemes.com<\/a> <br\/><a href=\"http:\/\/sqemes.com\">sqemes.com<br\/><\/a><a href=\"http:\/\/www.neorebels.com\">www.neorebels.com<br\/><\/a>\u200d<\/p>\n\n<p>Amtsgericht \/ Handelsregister: Offenbach am Main \/ HRB 56637<\/p>\n\n<p>Umsatzsteuer-Identifikationsnummer: DE 366959310<br\/><br\/>\u200d<\/p>\n\n<h6 class=\"wp-block-heading\"><strong>Streitbeilegung\u200d<\/strong><\/h6>\n\n<p><\/p>\n\n<p><strong>Verweis auf EU-Streitbeilegung<\/strong><\/p>\n\n<p><\/p>\n\n<p>Die Europ\u00e4ische Kommission stellt eine Plattform zur Online-Streitbeilegung (OS) unter folgendem Link bereit: <a href=\"http:\/\/ec.europa.eu\/consumers\/odr\">http:\/\/ec.europa.eu\/consumers\/odr<\/a><\/p>\n\n<p>Unsere E-Mail Adresse lautet: <a href=\"mailto:support@langdock.com\"><\/a><a href=\"mailto:support@sqemes.com\">support@sqemes.com<\/a> . <br\/>\u200d<\/p>\n\n<p><strong>Verantwortlich f\u00fcr den Inhalt nach \u00a7 55 Abs. 2 RStV: <\/strong><\/p>\n\n<p>Ufuk \u00d6ren<\/p>\n\n<p>Dreiherrnsteinplatz 11 <br\/>D-63263 Neu-Isenburg \/ Deutschland<\/p>\n\n<p><strong>Hinweis gem\u00e4\u00df \u00a7 36 Verbraucherstreitbeilegungsgesetz (VSBG)<\/strong><\/p>\n\n<p>Wir schlie\u00dfen die Teilnahme an einem Streitbeilegungsverfahren vor einer Verbraucherschlichtungsstelle gem\u00e4\u00df dem Verbraucherstreitbeilegungsgesetz (VSBG) aus und haben uns entschieden, nicht an einem solchen Streitbeilegungsverfahren teilzunehmen; wir sind auch nicht verpflichtet, an einem solchen Streitbeilegungsverfahren teilzunehmen.\u200d<\/p>\n\n<p><strong>Haftung f\u00fcr Inhalte<\/strong><\/p>\n\n<p>Als Diensteanbieter sind wir gem\u00e4\u00df \u00a7 7 Abs. 1 TMG (Telemediengesetz) und allgemeinen Gesetzen f\u00fcr eigene Inhalte auf diesen Seiten verantwortlich. Gem\u00e4\u00df \u00a7\u00a7 8 bis 10 TMG sind wir als Dienstanbieter jedoch nicht verpflichtet, \u00fcbermittelte oder gespeicherte Informationen Dritter zu \u00fcberwachen oder Umst\u00e4nde zu untersuchen, die auf eine rechtswidrige T\u00e4tigkeit hinweisen.<\/p>\n\n<p>Verpflichtungen zur Entfernung oder Sperrung der Nutzung von Informationen nach den allgemeinen Gesetzen bleiben hiervon unber\u00fchrt. Eine Haftung in diesem Zusammenhang ist jedoch erst ab dem Zeitpunkt der Kenntnis einer konkreten Rechtsverletzung m\u00f6glich. Bei Bekanntwerden entsprechender Rechtsverletzungen werden wir diese Inhalte umgehend entfernen.\u200d<\/p>\n\n<p><strong>Haftung f\u00fcr Links<\/strong><\/p>\n\n<p>Unser Angebot kann Links zu externen Websites Dritter enthalten, auf deren Inhalte wir keinen Einfluss haben. Daher k\u00f6nnen wir keine Haftung f\u00fcr diese externen Inhalte \u00fcbernehmen. Der jeweilige Anbieter oder Betreiber der verlinkten Seiten ist stets f\u00fcr die Inhalte der verlinkten Seiten verantwortlich.<\/p>\n\n<p><strong>Geistiges Eigentum; Urheberrecht<\/strong><\/p>\n\n<p>Alle Rechte vorbehalten. Alle Texte, Bilder, Grafiken, Ton-, Video- oder Animationsdateien auf unserer Website unterliegen im Allgemeinen dem Urheberrecht und\/oder anderen Gesetzen zum Schutz des geistigen Eigentums. Die Vervielf\u00e4ltigung, Bearbeitung, Verbreitung und jede andere Form der Nutzung und Verwertung zu kommerziellen Zwecken ist grunds\u00e4tzlich untersagt, es sei denn, es liegt eine vorherige schriftliche Zustimmung der NeoRebels GmbH vor.<\/p>\n","protected":false},"excerpt":{"rendered":"<p>ANBIETER GEM\u00c4\u00df \u00a7 5 DES DEUTSCHEN TELEMEDIENGESETZES (TMG):\u200d sqemes Prompt Managervon der NeoRebels GmbHDreiherrnsteinplatz 11 D-63263 Neu-Isenburg \/ Deutschland Die GmbH wird durch ihren Gesch\u00e4ftsf\u00fchrer vertreten: Ufuk \u00d6ren Telefon: +49 155 66067795E-Mail: support@sqemes.com sqemes.comwww.neorebels.com\u200d Amtsgericht \/ Handelsregister: Offenbach am Main \/ HRB 56637 Umsatzsteuer-Identifikationsnummer: DE 366959310 \u200d Streitbeilegung\u200d Verweis auf EU-Streitbeilegung Die Europ\u00e4ische Kommission stellt [&hellip;]<\/p>\n","protected":false},"author":1,"featured_media":0,"parent":0,"menu_order":0,"comment_status":"closed","ping_status":"closed","template":"","meta":{"_acf_changed":false,"uix_meta_title":"","uix_meta_description":"","uix_canonical_url":"","footnotes":""},"class_list":["post-926","page","type-page","status-publish","hentry"],"acf":[],"_links":{"self":[{"href":"https:\/\/sqemes.com\/de\/wp-json\/wp\/v2\/pages\/926","targetHints":{"allow":["GET"]}}],"collection":[{"href":"https:\/\/sqemes.com\/de\/wp-json\/wp\/v2\/pages"}],"about":[{"href":"https:\/\/sqemes.com\/de\/wp-json\/wp\/v2\/types\/page"}],"author":[{"embeddable":true,"href":"https:\/\/sqemes.com\/de\/wp-json\/wp\/v2\/users\/1"}],"replies":[{"embeddable":true,"href":"https:\/\/sqemes.com\/de\/wp-json\/wp\/v2\/comments?post=926"}],"version-history":[{"count":3,"href":"https:\/\/sqemes.com\/de\/wp-json\/wp\/v2\/pages\/926\/revisions"}],"predecessor-version":[{"id":929,"href":"https:\/\/sqemes.com\/de\/wp-json\/wp\/v2\/pages\/926\/revisions\/929"}],"wp:attachment":[{"href":"https:\/\/sqemes.com\/de\/wp-json\/wp\/v2\/media?parent=926"}],"curies":[{"name":"wp","href":"https:\/\/api.w.org\/{rel}","templated":true}]}}