{"id":937,"date":"2024-01-13T12:13:09","date_gmt":"2024-01-13T12:13:09","guid":{"rendered":"https:\/\/sqemes.com\/datenschutzrichtlinie\/"},"modified":"2024-05-28T20:55:26","modified_gmt":"2024-05-28T20:55:26","slug":"datenschutzrichtlinie","status":"publish","type":"page","link":"https:\/\/sqemes.com\/de\/datenschutzrichtlinie\/","title":{"rendered":"Datenschutzrichtlinie"},"content":{"rendered":"\n<p>F\u00fcr sqemes ist der Schutz der Vertraulichkeit, Integrit\u00e4t und Verf\u00fcgbarkeit der Daten, die wir auf unserer Website und in Verbindung mit der Nutzung der sqemes-Plattform sammeln, verarbeiten oder speichern, von entscheidender Bedeutung. Mit diesen Datenschutzhinweisen informieren wir Sie \u00fcber die Art, den Umfang und die Zwecke der Verarbeitung personenbezogener Daten im Zusammenhang mit der Nutzung unserer Website https:\/\/sqemes.com\/de\/, unserer Social-Media-Pr\u00e4senz sowie im Zusammenhang mit der Nutzung der Sqemes-Plattform, soweit wir f\u00fcr diese Datenverarbeitungst\u00e4tigkeiten verantwortlich sind, und \u00fcber die Rechte, die Ihnen als betroffene Person zustehen. Personenbezogene Daten sind Daten, die (direkt oder indirekt) mit Ihnen pers\u00f6nlich in Verbindung gebracht werden k\u00f6nnen und Informationen \u00fcber Ihre Identit\u00e4t liefern, wie zum Beispiel Ihren Namen, Ihr Geschlecht, Ihre Adresse oder Ihr Nutzerverhalten auf einer Website.<\/p>\n\n<p>\u200d<\/p>\n\n<p>Wenn Sie weitere Fragen zum Datenschutz oder zur Datenverarbeitung haben, stehen wir Ihnen unter den angegebenen Kontaktdaten zur Verf\u00fcgung.<\/p>\n\n<p>\u200d<\/p>\n\n<p><strong>Verantwortlicher, Kontakt und Datenschutzbeauftragter<\/strong><\/p>\n\n<p>\u200d<\/p>\n\n<p>Verantwortlicher im Sinne des Art. 4 Nr. 7 der Datenschutz-Grundverordnung (DSGVO) f\u00fcr die in dieser Datenschutzerkl\u00e4rung beschriebenen Datenverarbeitungsprozesse ist:<\/p>\n\n<p>NeoRebels GmbH (\u201eNeoRebels\u201c oder \u201eWir\u201c oder \u201eUns\u201c)<br\/>Dreiherrnsteinplatz 11, D-63263 Neu-Isenburg \/ Deutschland<br\/>E-Mail: <a href=\"mailto:support@sqemes.com\">support@sqemes.com<\/a><\/p>\n\n<p>\u200d<\/p>\n\n<p>Weitere Informationen \u00fcber unser Unternehmen finden Sie auch im Impressum auf unserer Website.<\/p>\n\n<p>\u200d<\/p>\n\n<p><strong>1. Datenverarbeitung beim Besuch der Plattform<\/strong><\/p>\n\n<p>\u200d<\/p>\n\n<p>Bei der rein informatorischen Nutzung der Plattform, also wenn Sie sich nicht registrieren oder uns anderweitig Informationen \u00fcbermitteln, erheben wir nur die personenbezogenen Daten, die Ihr Browser an unseren Server \u00fcbermittelt. Dies wird getan, um Ihnen die Plattform anzuzeigen und die notwendige Stabilit\u00e4t und Sicherheit zu gew\u00e4hrleisten (Rechtsgrundlage ist Art. 6 Abs. 1 lit. f DSGVO) und umfasst folgende Daten: <\/p>\n\n<ul class=\"wp-block-list\">\n<li>IP-Adresse<\/li>\n\n\n\n<li>Datum und Uhrzeit der Serveranfrage <\/li>\n\n\n\n<li>Referrer-URL <\/li>\n\n\n\n<li>Zugriffsstatus\/HTTP-Statuscode<\/li>\n\n\n\n<li>Datenmenge, die in jedem Fall \u00fcbertragen wurde <\/li>\n\n\n\n<li>Webseite, von der die Anfrage stammt<\/li>\n\n\n\n<li>Browser <\/li>\n\n\n\n<li>Betriebssystem und seine Schnittstelle<\/li>\n\n\n\n<li>Sprache und Version der Browser-Software <\/li>\n<\/ul>\n\n<p>\u200d<\/p>\n\n<p>Wenn du uns per E-Mail oder \u00fcber unser Kontaktformular kontaktierst, werden die von dir angegebenen Daten (deine E-Mail-Adresse sowie dein Vor- und Nachname und eventuell weitere freiwillige Angaben) von uns gespeichert, um auf deine Anfragen zu antworten. Wir l\u00f6schen die in diesem Zusammenhang anfallenden Daten, wenn eine Speicherung nicht mehr erforderlich ist, oder schr\u00e4nken die Verarbeitung ein, wenn gesetzliche Aufbewahrungspflichten bestehen. <\/p>\n\n<p><\/p>\n\n<p>Um die Cookies und \u00e4hnlichen Technologien (Tracking-Pixel, Web Beacons usw.) und die damit verbundenen Einwilligungen zu verwalten, benutzen wir das Einwilligungs-Tool &#8220;Real Cookie Banner&#8221;. Details dazu, wie &#8220;Real Cookie Banner&#8221; funktioniert, findest du unter <a href=\"https:\/\/devowl.io\/rcb\/data-processing\/\" rel=\"noreferrer noopener\" target=\"_blank\">https:\/\/devowl.io\/rcb\/data-processing\/<\/a>. <\/p>\n\n<p>Die Rechtsgrundlage f\u00fcr die Verarbeitung personenbezogener Daten in diesem Zusammenhang sind Art. 6 (1) lit. c DSGVO und Art. 6 (1) lit. f DSGVO. Unser berechtigtes Interesse ist die Verwaltung der verwendeten Cookies und \u00e4hnlichen Technologien sowie der damit verbundenen Einwilligungen.   <\/p>\n\n<p>Die Bereitstellung personenbezogener Daten ist weder vertraglich vorgeschrieben noch f\u00fcr den Abschluss eines Vertrags erforderlich. Du bist nicht verpflichtet, die personenbezogenen Daten bereitzustellen. Wenn du die personenbezogenen Daten nicht bereitstellst, k\u00f6nnen wir deine Einwilligungen nicht verwalten.  <\/p>\n\n<p>\u200d<\/p>\n\n<p><strong>2. Direktmarketing<\/strong><\/p>\n\n<p>\u200d<\/p>\n\n<p>Wenn du einen kostenpflichtigen Vertrag f\u00fcr die Nutzung unserer Dienste eingehst und deine E-Mail-Adresse angibst, kann NeoRebels diese E-Mail-Adresse f\u00fcr Direktmarketing \u00e4hnlicher Waren oder Dienstleistungen verwenden. Du hast das Recht, der Verwendung der E-Mail-Adresse zu diesem Zweck jederzeit zu widersprechen, ohne dass dir andere als die \u00dcbermittlungskosten nach den Basistarifen entstehen. Jede E-Mail enth\u00e4lt einen Abmeldelink. Alternativ kann der Einspruch jederzeit per E-Mail an support@sqemes.com erkl\u00e4rt werden.   <\/p>\n\n<p>\u200d<\/p>\n\n<p>Rechtsgrundlage f\u00fcr diese Datenverarbeitung ist Art. 6 (1) lit f) DSGVO. Du kannst der Datenverarbeitung f\u00fcr Direktwerbung jederzeit ohne Angabe von Gr\u00fcnden widersprechen. <\/p>\n\n<p>\u200d<\/p>\n\n<p><strong>3. Verarbeitung personenbezogener Daten bei der Registrierung eines Kundenkontos\u200d<\/strong><\/p>\n\n<p>Auf unserer Website gibt es die M\u00f6glichkeit, ein Kundenkonto zu erstellen. Ein Kundenkonto ist notwendig, um eine kostenlose Testphase f\u00fcr unsere Plattform zu aktivieren oder um kostenpflichtige Dienste \u00fcber unsere Website zu abonnieren. Wenn du ein Kundenkonto registrierst, senden wir einen Best\u00e4tigungslink an die von dir angegebene E-Mail-Adresse, damit du auf das Registrierungsformular zugreifen und die notwendigen Daten eingeben kannst. Die von uns w\u00e4hrend der Registrierung verarbeiteten Daten umfassen insbesondere:   <\/p>\n\n<ul class=\"wp-block-list\">\n<li>IP-Adresse des Ger\u00e4ts, von dem aus die Registrierung erfolgt<\/li>\n\n\n\n<li>Datum und Uhrzeit der Registrierung <\/li>\n\n\n\n<li>Deine Kontaktdaten, z.B. dein Name, deine E-Mail-Adresse<\/li>\n\n\n\n<li>Informationen \u00fcber die Firma, f\u00fcr die du arbeitest<\/li>\n\n\n\n<li>Adressdaten<\/li>\n<\/ul>\n\n<p>\u200d<\/p>\n\n<p>Rechtsgrundlage f\u00fcr die Datenverarbeitung bei der Registrierung ist Art. 6 Abs. 1 S. 1 lit. b) DSGVO. <\/p>\n\n<p>\u200d<\/p>\n\n<p>Die Daten werden gel\u00f6scht, wenn der Zweck der Verarbeitung nicht mehr zutrifft, z.B. wenn du dein Kundenkonto l\u00f6schst. In einigen F\u00e4llen m\u00fcssen wir diese Daten aufgrund gesetzlicher Aufbewahrungspflichten f\u00fcr einen l\u00e4ngeren Zeitraum speichern. <\/p>\n\n<p>\u200d<\/p>\n\n<p><strong>4. Verarbeitung personenbezogener Daten bei kostenpflichtigen Abonnements<\/strong><\/p>\n\n<p>\u200d<\/p>\n\n<p>Zus\u00e4tzlich zur kostenlosen Testphase hast du auch die M\u00f6glichkeit, kostenpflichtige Dienste auf der Website \u00fcber dein Kundenkonto zu abonnieren. Wenn du \u00fcber unsere Website abonnierst, verarbeiten wir die folgenden Daten: <\/p>\n\n<ul class=\"wp-block-list\">\n<li>IP-Adresse des Ger\u00e4ts, von dem die Bestellung aufgegeben wird<\/li>\n\n\n\n<li>Datum und Uhrzeit der Bestellung <\/li>\n\n\n\n<li>Kontaktdaten wie deine E-Mail-Adresse<\/li>\n\n\n\n<li>Zahlungsdaten<\/li>\n\n\n\n<li>Das Abonnement, das du gew\u00e4hlt hast<\/li>\n\n\n\n<li>M\u00f6glicherweise zus\u00e4tzliche, erg\u00e4nzende Daten, die du w\u00e4hrend des Registrierungsprozesses angegeben hast (z.B. ein &#8220;Promo-Code&#8221;).<\/li>\n<\/ul>\n\n<p>Zur Zahlungsabwicklung \u00fcbermitteln wir die erforderlichen Zahlungsdaten an unseren beauftragten Zahlungsdienstleister PayPal (Europe) S.\u00e0 r.l. et Cie, S.C.A. 22-24 Boulevard Royal L-2449 Luxemburg, Luxemburg. Falls erforderlich, \u00fcbermittelt PayPal die Daten auch an PayPal US in den USA. Weitere Informationen zum Datenschutz bei PayPal und die entsprechenden Datenschutzhinweise findest du unter folgendem Link: https:\/\/www.paypal.com\/de\/legalhub\/privacy-full.<\/p>\n\n<p>\u200d<\/p>\n\n<p>Wir verarbeiten nur die PayPal-Abonnement-ID zur Zahlungsabwicklung. Die Verarbeitung ist f\u00fcr den Abschluss und die Erf\u00fcllung des Vertrags notwendig. Rechtsgrundlage f\u00fcr diese Datenverarbeitung ist Art. 6 (1) S. 1 lit. b) DSGVO.   <\/p>\n\n<p>\u200d<\/p>\n\n<p>Die Daten werden gel\u00f6scht, wenn der Zweck der Verarbeitung nicht mehr zutrifft, z. B. wenn du dein Abonnement bei sqemes k\u00fcndigst. In einigen F\u00e4llen m\u00fcssen wir diese Daten aufgrund gesetzlicher Aufbewahrungspflichten f\u00fcr einen l\u00e4ngeren Zeitraum speichern. In diesem Fall l\u00f6schen wir Deine Daten sp\u00e4testens mit Ablauf der gesetzlichen Aufbewahrungsfrist (\u00a7 147 Abs. 3 AO), also nach 10 Jahren ab Vertragsschluss, ohne dass es einer Aufforderung Deinerseits bedarf.  <\/p>\n\n<p>\u200d<\/p>\n\n<p><strong>5. Dauer der Speicherung Deiner personenbezogenen Daten<\/strong><\/p>\n\n<p>\u200d<\/p>\n\n<p>Sofern wir in diesen Datenschutzhinweisen keine k\u00fcrzere Speicherdauer angegeben haben, speichern wir personenbezogene Daten grunds\u00e4tzlich nur so lange, wie (i) f\u00fcr die Erbringung der Leistungen an Sie erforderlich und\/oder (ii) im Hinblick auf das Vertragsverh\u00e4ltnis mit Ihnen erforderlich ist; Anschlie\u00dfend werden die Daten nur noch im Rahmen gesetzlicher Aufbewahrungspflichten gespeichert. Sofern wir die jeweiligen personenbezogenen Daten f\u00fcr die oben beschriebenen Zwecke nicht mehr ben\u00f6tigen, werden diese personenbezogenen Daten nur f\u00fcr die Dauer der jeweiligen gesetzlichen Aufbewahrungspflichten gespeichert und nicht f\u00fcr andere Zwecke verarbeitet.   <\/p>\n\n<p>\u200d<\/p>\n\n<p><strong>7. Cookies und \u00e4hnliche Technologien<\/strong><\/p>\n\n<p>\u200d<\/p>\n\n<p>Wir verwenden auf unserer Website oder Plattform Cookies und \u00e4hnliche Technologien (z. B. Pixel). Bei Cookies handelt es sich um Textdateien, die Ihr Browser automatisch erstellt und auf Ihrem Endger\u00e4t speichert. Diese Cookies speichern verschiedene Informationen. Einige Cookies werden gel\u00f6scht, wenn Sie Ihre Browsersitzung beenden (\u201eSitzungscookies\u201c). Einige Cookies bleiben auf Ihrem Ger\u00e4t gespeichert, um Sie beispielsweise bei Ihrem n\u00e4chsten Besuch unserer Website oder Plattform als wiederkehrenden Benutzer zu erkennen.    <\/p>\n\n<p>\u200d<\/p>\n\n<p>Du kannst die Verwendung von Cookies verhindern, indem du die Einstellungen deines verwendeten Browsers anpasst. Weitere Informationen f\u00fcr die jeweiligen Browser findest du unter den folgenden Links: <\/p>\n\n<ul class=\"wp-block-list\">\n<li>Internet Explorer: <a href=\"https:\/\/support.microsoft.com\/en-us\/windows\/delete-and-manage-cookies-168dab11-0753-043d-7c16-ede5947fc64d\">https:\/\/support.microsoft.com\/en-us\/windows\/delete-and-manage-cookies-168dab11-0753-043d-7c16-ede5947fc64d<\/a><\/li>\n\n\n\n<li>Edge: <a href=\"https:\/\/support.microsoft.com\/en-us\/microsoft-edge\/delete-cookies-in-microsoft-edge-63947406-40ac-c3b8-57b9-2a946a29ae09\">https:\/\/support.microsoft.com\/en-us\/microsoft-edge\/delete-cookies-in-microsoft-edge-63947406-40ac-c3b8-57b9-2a946a29ae09<\/a><\/li>\n\n\n\n<li>Firefox: <a href=\"https:\/\/support.mozilla.org\/de\/kb\/cookies-erlauben-und-ablehnen\">https:\/\/support.mozilla.org\/de\/kb\/cookies-erlauben-und-ablehnen<\/a><\/li>\n\n\n\n<li>Chrome: <a href=\"http:\/\/support.google.com\/chrome\/bin\/answer.py?hl=de&amp;hlrm=en&amp;answer=95647\">http:\/\/support.google.com\/chrome\/bin\/answer.py?hl=de&amp;hlrm=en&amp;answer=95647<\/a><\/li>\n\n\n\n<li>Safari: <a href=\"https:\/\/support.apple.com\/de-de\/guide\/safari\/sfri11471\/12.0\/mac\/10.14\">https:\/\/support.apple.com\/de-de\/guide\/safari\/sfri11471\/12.0\/mac\/10.14<\/a><\/li>\n\n\n\n<li>Opera: <a href=\"https:\/\/help.opera.com\/de\/latest\/web-preferences\/#cookies\">https:\/\/help.opera.com\/de\/latest\/web-preferences\/#cookies<\/a><\/li>\n<\/ul>\n\n<p>Wir m\u00f6chten darauf hinweisen, dass das Deaktivieren von Cookies die Funktionalit\u00e4t der Webseite oder Plattform erheblich beeintr\u00e4chtigen kann und bestimmte Funktionen auf unserer Webseite oder Plattform m\u00f6glicherweise nicht richtig verf\u00fcgbar sind.<\/p>\n\n<p>Im Allgemeinen werden von uns folgende Arten von Cookies verwendet:<\/p>\n\n<p>\u200d<\/p>\n\n<p><strong>Notwendige Cookies <\/strong><\/p>\n\n<p>Hierbei handelt es sich um Cookies, die f\u00fcr die Funktionalit\u00e4t bzw. Bereitstellung unseres Dienstes unbedingt erforderlich sind. Rechtsgrundlage f\u00fcr den Zugriff auf oder die Speicherung von Informationen auf Ihrem Ger\u00e4t ist \u00a7 25 Abs. 2 Nr. 2 TTDSG; Rechtsgrundlage f\u00fcr die nachfolgende Datenverarbeitung ist unser berechtigtes Interesse an der Bereitstellung und komfortablen Nutzung unseres Dienstes im Sinne des Art. 6 Abs. 1 lit. f DSGVO. 6 (1) lit. f) DSGVO.   <\/p>\n\n<p>\u200d<\/p>\n\n<p><strong>Analyse &amp; Statistik<\/strong><\/p>\n\n<p>\u200d<\/p>\n\n<p>Wir m\u00f6chten bei der Nutzung unserer Website so wenig personenbezogene Daten wie m\u00f6glich verarbeiten. Aus diesem Grund haben wir uns f\u00fcr Fathom Analytics f\u00fcr unsere Website-Analyse entschieden, das keine Cookies verwendet und der DSGVO, ePrivacy (einschlie\u00dflich PECR), COPPA und CCPA entspricht. Mithilfe dieser datenschutzfreundlichen Website-Analysesoftware wird Ihre IP-Adresse nur kurzzeitig verarbeitet und wir (Betreiber dieser Website) haben keine M\u00f6glichkeit, Sie zu identifizieren. Gem\u00e4\u00df CCPA werden Ihre pers\u00f6nlichen Daten anonymisiert. Mehr dazu k\u00f6nnen Sie auf der Website von <a href=\"https:\/\/usefathom.com\/\">Fathom Analytics<\/a> lesen.    <\/p>\n\n<p>Der Zweck der Verwendung dieser Software besteht darin, den Datenverkehr auf unserer Website so datenschutzfreundlich wie m\u00f6glich zu verstehen, damit wir unsere Website und unser Gesch\u00e4ft kontinuierlich verbessern k\u00f6nnen. Die Rechtsgrundlage gem\u00e4\u00df DSGVO ist \u201eArtikel 6 Absatz 1 Buchstabe f; unser berechtigtes Interesse besteht darin, unsere Website und unser Gesch\u00e4ft kontinuierlich zu verbessern.\u201c Der Erkl\u00e4rung zufolge werden keine personenbezogenen Daten \u00fcber einen l\u00e4ngeren Zeitraum gespeichert.  <\/p>\n\n<p>Dar\u00fcber hinaus verwenden wir bestimmte Cookies auch, um die Nutzung unserer Website und Plattform statistisch auszuwerten und zu verbessern. Rechtsgrundlage f\u00fcr den Zugriff auf oder die Speicherung von Informationen auf Ihrem Ger\u00e4t ist Ihre Einwilligung gem\u00e4\u00df \u00a7 25 Abs. 1 lit. 1 TTDSG; Rechtsgrundlage f\u00fcr die nachfolgende Datenverarbeitung ist Ihre Einwilligung gem\u00e4\u00df Art. 6 Abs. 1 S. 1 lit. a DSGVO. 6 (1) lit. a) DSGVO.   <\/p>\n\n<p><\/p>\n\n<p>Wenn Sie unsere Website besuchen, k\u00f6nnen Sie Ihre Cookie-Einstellungen verwalten und \u00fcber eine Schaltfl\u00e4che Ihre Einwilligung zur Verwendung von Cookies erteilen. Sie k\u00f6nnen Ihre Einwilligung auch jederzeit widerrufen. <\/p>\n\n<p>\u200d<\/p>\n\n<p><strong>9. Ihre Rechte als betroffene Person<\/strong><\/p>\n\n<p>\u200d<\/p>\n\n<p>Von der Verarbeitung personenbezogener Daten betroffene Personen haben folgende Rechte:<\/p>\n\n<p>\u200d<\/p>\n\n<ul class=\"wp-block-list\">\n<li>Recht auf Auskunft \u00fcber die von uns verarbeiteten personenbezogenen Daten, die Verarbeitungszwecke, die Kategorien von Empf\u00e4ngern, die Dauer der Speicherung bzw. die Kriterien f\u00fcr die Festlegung der Speicherdauer, die Herkunft der Daten, Ihre Rechte als betroffene Person, das Bestehen einer automatisierten Entscheidungsfindung. Erstellung, einschlie\u00dflich Profiling, und die entsprechenden Garantien bei der \u00dcbermittlung von Daten in ein Drittland sowie das Recht, eine Kopie Ihrer personenbezogenen Daten zu erhalten.<\/li>\n\n\n\n<li>Recht auf Berichtigung unrichtiger oder unvollst\u00e4ndiger personenbezogener Daten.<\/li>\n\n\n\n<li>Recht auf L\u00f6schung personenbezogener Daten, sofern der Zweck der Verarbeitung entf\u00e4llt, eine Einwilligung widerrufen wird, eine sonstige Rechtsgrundlage fehlt, die Daten unrechtm\u00e4\u00dfig verarbeitet wurden oder Sie Widerspruch gegen die Verarbeitung eingelegt haben.<\/li>\n\n\n\n<li>Recht auf Einschr\u00e4nkung der Verarbeitung.<\/li>\n\n\n\n<li>Recht auf Daten\u00fcbertragbarkeit, wenn die Datenverarbeitung auf einer Einwilligung gem\u00e4\u00df Art. 6 Abs. 1 lit. a DSGVO beruht. 6 (1) lit. a) oder Art. Art. 9 Abs. 2 lit. a) oder auf einem Vertrag gem\u00e4\u00df Art. 6 (1) lit. b) DSGVO.   <\/li>\n\n\n\n<li>Recht auf Widerspruch gegen die Verarbeitung, sofern die Verarbeitung auf berechtigten Interessen gem\u00e4\u00df Art. 6 Abs. 1 lit. f DSGVO beruht. 6 (1) lit. f) DSGVO. <\/li>\n<\/ul>\n\n<p>\u200dWenn Sie in die Verarbeitung personenbezogener Daten eingewilligt haben, k\u00f6nnen Sie Ihre Einwilligung jederzeit widerrufen. Durch den Widerruf der Einwilligung wird die Rechtm\u00e4\u00dfigkeit der aufgrund der Einwilligung bis zum Widerruf erfolgten Verarbeitung nicht ber\u00fchrt. <\/p>\n\n<p><\/p>\n\n<p><strong>Recht auf Widerspruch gegen Direktmarketing<\/strong><\/p>\n\n<p>\u200d<\/p>\n\n<p><strong>Wenn Sie der Verarbeitung f\u00fcr Direktmarketingzwecke widersprechen, werden wir Ihre personenbezogenen Daten nicht mehr f\u00fcr diese Zwecke verarbeiten. Ihren Widerspruch k\u00f6nnen Sie jederzeit per E-Mail an support@sqemes.com oder per Post an die oben angegebene Postanschrift erkl\u00e4ren. <\/strong><\/p>\n\n<p>\u200d<\/p>\n\n<p>Sie haben au\u00dferdem das Recht, eine Beschwerde bei einer Aufsichtsbeh\u00f6rde einzureichen, wenn Sie der Ansicht sind, dass die Verarbeitung Ihrer personenbezogenen Daten rechtswidrig ist.<\/p>\n\n<p>Wir aktualisieren unsere Datenschutzerkl\u00e4rung, wenn dies aufgrund ge\u00e4nderter tats\u00e4chlicher oder rechtlicher Umst\u00e4nde oder aufgrund technischer oder wirtschaftlicher Entwicklungen erforderlich ist. \u00dcber solche \u00c4nderungen werden wir Sie vorab in geeigneter Weise informieren. Wenn Sie unseren Dienst nach Erhalt einer solchen Benachrichtigung weiterhin nutzen, k\u00f6nnen wir davon ausgehen, dass Sie die \u00c4nderungen der Datenschutzrichtlinie akzeptieren.  <\/p>\n","protected":false},"excerpt":{"rendered":"<p>F\u00fcr sqemes ist der Schutz der Vertraulichkeit, Integrit\u00e4t und Verf\u00fcgbarkeit der Daten, die wir auf unserer Website und in Verbindung mit der Nutzung der sqemes-Plattform sammeln, verarbeiten oder speichern, von entscheidender Bedeutung. Mit diesen Datenschutzhinweisen informieren wir Sie \u00fcber die Art, den Umfang und die Zwecke der Verarbeitung personenbezogener Daten im Zusammenhang mit der Nutzung [&hellip;]<\/p>\n","protected":false},"author":1,"featured_media":0,"parent":0,"menu_order":0,"comment_status":"closed","ping_status":"closed","template":"","meta":{"_acf_changed":false,"uix_meta_title":"","uix_meta_description":"","uix_canonical_url":"","footnotes":""},"class_list":["post-937","page","type-page","status-publish","hentry"],"acf":[],"_links":{"self":[{"href":"https:\/\/sqemes.com\/de\/wp-json\/wp\/v2\/pages\/937","targetHints":{"allow":["GET"]}}],"collection":[{"href":"https:\/\/sqemes.com\/de\/wp-json\/wp\/v2\/pages"}],"about":[{"href":"https:\/\/sqemes.com\/de\/wp-json\/wp\/v2\/types\/page"}],"author":[{"embeddable":true,"href":"https:\/\/sqemes.com\/de\/wp-json\/wp\/v2\/users\/1"}],"replies":[{"embeddable":true,"href":"https:\/\/sqemes.com\/de\/wp-json\/wp\/v2\/comments?post=937"}],"version-history":[{"count":3,"href":"https:\/\/sqemes.com\/de\/wp-json\/wp\/v2\/pages\/937\/revisions"}],"predecessor-version":[{"id":940,"href":"https:\/\/sqemes.com\/de\/wp-json\/wp\/v2\/pages\/937\/revisions\/940"}],"wp:attachment":[{"href":"https:\/\/sqemes.com\/de\/wp-json\/wp\/v2\/media?parent=937"}],"curies":[{"name":"wp","href":"https:\/\/api.w.org\/{rel}","templated":true}]}}